{"id":193,"date":"2020-05-17T20:08:08","date_gmt":"2020-05-17T23:08:08","guid":{"rendered":"https:\/\/semigual.com\/blog\/?page_id=193"},"modified":"2024-05-23T12:19:24","modified_gmt":"2024-05-23T15:19:24","slug":"academia-sem-igual-escola-de-negocios-criativos","status":"publish","type":"page","link":"https:\/\/semigual.com\/blog\/academia-sem-igual-escola-de-negocios-criativos\/","title":{"rendered":"Academia Sem Igual de Neg\u00f3cios [ASI]"},"content":{"rendered":"<p><span style=\"width: 100%;\"><img decoding=\"async\" alt=\"\" width=\"300\" height=\"94\" title=\"logo asi h fdo bco 500px\" data-id=\"1504\" src=\"https:\/\/semigual.com\/blog\/wp-content\/uploads\/2021\/11\/logo-asi-h-fdo-bco-500px-300x94-1.png\" style=\"\" data-width=\"300\" data-height=\"94\" data-init-width=\"300\" data-init-height=\"94\" data- data-init-><\/span><\/p>\n<h1 style=\"text-align: center;\"><span style=\"font-family: Lato; font-weight: 400; color: rgb(0, 119, 140);\">Entenda porque <\/span><span style=\"font-family: Lato; font-weight: 400; color: rgb(255, 131, 0);\">Voc\u00ea N\u00e3o Vende <\/span><span style=\"font-family: Lato; font-weight: 400; color: rgb(0, 119, 140);\">&nbsp;e n\u00e3o alcan\u00e7a os <\/span><span style=\"font-family: Lato; font-weight: 400; color: rgb(255, 131, 0);\">Resultados que deseja <\/span><span style=\"font-family: Lato; font-weight: 400; color: rgb(0, 119, 140);\">&nbsp;mesmo com um Produto Incr\u00edvel<\/span><\/h1>\n<p style=\"text-align: center;\">Voc\u00ea vai se tornar um <strong>profissional criativo<\/strong> , ter <strong>sucesso e renda<\/strong> fazendo o que voc\u00ea <strong>ama<\/strong> , sem medo e sem sofrer, sabendo exatamente o que tem que fazer.<\/p>\n<p><a href=\"#\"><span><span>Instance 1<\/span><\/span><\/a><\/p>\n<h5><strong>PLANO ANUAL<\/strong><\/h5>\n<p><em>Melhor maneira de transformar seus sonhos em realidade e fazer do seu trabalho criativo um trabalho reconhecido e bem pago.<\/em><\/p>\n<p>R $ 997,00<\/p>\n<p>\/ ano<\/p>\n<p><em>\u00c0 vista com desconto<\/em><\/p>\n<p><em>Parcelado em at\u00e9 12x sem cart\u00e3o de cr\u00e9dito.<\/em><\/p>\n<ul>\n<li><span>Para quem est\u00e1 comprometido com seu neg\u00f3cio e deseja resultados concretos<\/span><\/li>\n<li><span>Conte\u00fado direcionado para resultados imediatos (aumento de vendas)<\/span><\/li>\n<li><span>Novas aulas todo m\u00eas<\/span><\/li>\n<li><span>Sala de Aula online, dispon\u00edvel em qulaquer lugar a qualquer momento *<\/span><\/li>\n<li><span>Grupo de Debates no Facebook<\/span><\/li>\n<li><span>Guia de Implementa\u00e7\u00e3o das aulas<\/span><\/li>\n<\/ul>\n<h5>PLANO ANUAL <strong>PREMIUM<\/strong><\/h5>\n<p><em>Para quem deseja ter o acompanhamento mais pr\u00f3ximo.&nbsp;<\/em><em>Todas as vantagen do Plano Anual &nbsp; <\/em><em>+ Grupo de Implementa\u00e7\u00e3o no Telegram<\/em><\/p>\n<p>R $ 1.497,00<\/p>\n<p>\/ ano<\/p>\n<p><span style=\"width: 100%;\"><img decoding=\"async\" alt=\"\" width=\"300\" height=\"161\" title=\"esgotado\" data-id=\"1154\" src=\"https:\/\/semigual.com\/blog\/wp-content\/uploads\/2021\/11\/esgotado-300x161-1.png\" style=\"\"><\/span><\/p>\n<ul>\n<li><span>Conte\u00fado direcionado para resultados imediatos (aumento de vendas)<\/span><\/li>\n<li><span>Novas aulas todo m\u00eas<\/span><\/li>\n<li><span>Sala de Aula online, dispon\u00edvel em qulaquer lugar a qualquer momento *<\/span><\/li>\n<li><span>Grupo de Debates no Facebook<\/span><\/li>\n<li><span>Guia de Implementa\u00e7\u00e3o das aulas<\/span><\/li>\n<li><span><strong>Grupo do Telegram<\/strong> (acompanhamento e tutoria em tempo real com o Gustavo, Helo\u00edsa e a Equipe Sem Igual)<\/span><\/li>\n<\/ul>\n<p style=\"text-align: center;\">Est\u00e1 com d\u00favidas? Precisa de mais informa\u00e7\u00f5es? Entre em contato pelo nosso Whatsapp no bot\u00e3o abaixo:<\/p>\n<h2 style=\"text-align: center;\">Desvendando os <span style=\"font-family: Lato; font-weight: 400;\">Segredos<\/span> de um <strong>Neg\u00f3cio de Sucesso<\/strong><\/h2>\n<p style=\"text-align: justify;\">Voc\u00ea ama o que faz, consegue ver que existe a possibilidade disso ser um neg\u00f3cio, que \u00e9 poss\u00edvel ganhar dinheiro com a sua habilidade, mas na pr\u00e1tica isso funciona, <strong>n\u00e3o acontece<\/strong> e voc\u00ea n\u00e3o entende o por qu\u00ea!<strong><\/strong> O fato \u00e9 que al\u00e9m da sua habilidade existem outros fatores que voc\u00ea precisa conhecer e dominar para fazer a sua habilidade se transformar em dinheiro em um neg\u00f3cio de verdade, e n\u00e3o em uma frustra\u00e7\u00e3o mas voc\u00ea n\u00e3o sabe disso, voc\u00ea nunca foi treinado para ter um neg\u00f3cio, para saberr comom isso funciona, n\u00e3o sabe nem por onde come\u00e7ar e morre de medo de dar os pr\u00f3ximos passos.<\/p>\n<p><span style=\"width: 100%;\"><img decoding=\"async\" alt=\"Duas artes\u00e3s no atelier de trabalho\" width=\"249\" height=\"249\" title=\"artesa em seu ambiente de trabalho\" data-id=\"540\" src=\"https:\/\/semigual.com\/blog\/wp-content\/uploads\/2021\/11\/hobby-gostoso-divertido_81632168_original-e1548159254444-300x300-1.jpg\" style=\"\" data-width=\"249\" data-height=\"249\" data-init-width=\"300\" data-init-height=\"300\" loading=\"lazy\"><\/span><span style=\"width: 100%;\"><img decoding=\"async\" alt=\"mo\u00e7a na mesa do escrit\u00f3rio usando notebook\" width=\"250\" height=\"250\" title=\"Young asian teenager owner business woman work at home for onlin\" data-id=\"544\" src=\"https:\/\/semigual.com\/blog\/wp-content\/uploads\/2021\/11\/mulher_pedidos_160692400_xl-2015-e1548185100684-300x300-1.jpg\" style=\"\" data-width=\"250\" data-height=\"250\" data-init-width=\"300\" data-init-height=\"300\" loading=\"lazy\"><\/span><\/p>\n<h2 style=\"text-align: center;\"><span>Feito Para&nbsp;  <\/span><span><span style=\"font-family: Lato; font-weight: 400;\">Voc\u00ea Alcan\u00e7ar<\/span>&nbsp;<\/span><span> o Seu Sonho!&nbsp;<\/span><span><span style=\"font-family: Lato; font-weight: 400;\">Viver da Sua Habilidade<\/span><\/span><\/h2>\n<p style=\"text-align: justify;\">A Academia Sem Igual de Neg\u00f3cios Criativos \u00e9 para voc\u00ea, que produz trabalhos criativos e deseja viver disso com sucesso e reconhecimento! Independente da t\u00e9cnica que voc\u00ea fa\u00e7a, voc\u00ea pode come\u00e7ar a vender ou aumentar suas vendas, fazer o seu neg\u00f3cio crescer e ter muito sucesso! Estamos aqui para conduzir neste caminho.<\/p>\n<p style=\"text-align: justify;\">A Academia Sem Igual de Neg\u00f3cios foi criada para te conduzir pelos pr\u00f3ximos passos, degrau por degrau, te expor a conte\u00fado de forma muito organizada e objetiva e principalmente pr\u00e1tica, para que voc\u00ea entenda o que tem que fazer e como implementar tudo que aprender para atingir os resultados que voc\u00ea sonha, sem medos ou riscos, voc\u00ea no controle total do seu neg\u00f3cio.<\/p>\n<p><span style=\"width: 100%;\"><img decoding=\"async\" alt=\"Mulher vendada tentando pegar notas de dinheiro\" width=\"450\" height=\"378\" title=\"Forced to wrong size: 450x378, natural is 1024x860!\" data-id=\"573\" src=\"https:\/\/semigual.com\/blog\/wp-content\/uploads\/2021\/11\/mulher-vendada-1920x1080-e1548421041856-1024x860-1.jpg\" style=\"\" data-width=\"450\" data-height=\"378\" data-init-width=\"696\" data-init-height=\"585\" loading=\"lazy\"><\/span><\/p>\n<h2 style=\"text-align: center;\">Depoimentos dos Membros da Academia Sem Igual<\/h2>\n<p><span style=\"width: 100%;\"><img decoding=\"async\" alt=\"cl\u00e1udia squio aluna da Sem Igual artesanato\" title=\"claudia squio\" data-id=\"1295\" src=\"https:\/\/semigual.com\/blog\/wp-content\/uploads\/2021\/11\/claudia-150x150-1.jpg\" style=\"\" width=\"157\" height=\"157\" data-width=\"157\" data-height=\"157\" data-init-width=\"150\" data-init-height=\"150\" loading=\"lazy\"><\/span><\/p>\n<h1><span style=\"font-weight: 400; font-family: Palanquin;\"><span>&#8220;<\/span><\/span><\/h1>\n<p style=\"text-align: left;\"><span style=\"font-family: Hind; font-weight: 400;\">Ter um neg\u00f3cio criativo e rent\u00e1vel \u00e9 bem diferente do que brincar de fazer artes e \u201cachar\u201d que tem um neg\u00f3cio. Eu tinha um sonho (e ainda tenho cada vez mais forte), de ser feliz e realizado fazendo o que amo e gerando renda a partir disso! H\u00e1 8 anos, por motivos pessoais, resolvi desistir da minha profiss\u00e3o de Eng. de alimentos e fazer o que me fazem bem, artesanato! Eu acredito no poder de ser orientada por pessoas que j\u00e1 chegaram aonde, voc\u00ea quer chegar e foi assim que eles tamb\u00e9m viraram meus mentores na \u00e1rea do negocio! Hoje sou uma pessoa realizada, feliz propriet\u00e1ria de uma empresa que vende online todos os dias, dou aulas presenciais e tenho uma escola online! N\u00e3o teria nem come\u00e7ado se n\u00e3o tivesse sido guiada de perto pelo casal Gimenes!Ent\u00e3o eu desejo profundamente que se voc\u00ea \u00e9 uma criativa, quer vender e ter um neg\u00f3cio de sucesso, que n\u00e3o fique sozinha, isolada! Vem pra <a data-hovercard=\"\/ajax\/hovercard\/page.php?id=428340527934614&amp;extragetparams=%7B%22__tn__%22%3A%22%2CdK-R-R%22%2C%22eid%22%3A%22ARBEZMIIcqJMlFu7yiedfqWT4K6vucKUhYZ6kU7pmt6tW0qqImOfyTKf76-yBhFWkc72elB6C28IkZrF%22%2C%22fref%22%3A%22mentions%22%7D\" data-hovercard-prefer-more-content-show=\"1\" href=\"https:\/\/www.facebook.com\/AcademiaSemIgual\/?__tn__=K-R&amp;eid=ARBEZMIIcqJMlFu7yiedfqWT4K6vucKUhYZ6kU7pmt6tW0qqImOfyTKf76-yBhFWkc72elB6C28IkZrF&amp;fref=mentions&amp;__xts__%5B0%5D=68.ARAkh71KodP-1hj11BHqMyxB_VQy603-7iPzMKRBLAnm_gGYRNr3wd_s_QWwEc0gbsFR09r3lAmc2pGt7hwV4szmI8oupS6RiG60hZFEoTuanUZdyUDeLJ-5BSt3RpPTgewQKXmLXFpaQgCDlgGhGhFTEyaEsHzPAIU8AWRx3j6mImOBITMrv6YBqOnUFjmNZqlAFCvStJSOMCvp\" style=\"outline: none;\" target=\"_blank\" rel=\"noopener\">Academia Sem Igual de Neg\u00f3cios<\/a> e com\u00e9rcio a realizar seu sonho !! Espero muito te encontrar no grupo !!<\/span><\/p>\n<h1 style=\"text-align: left;\"><span style=\"font-family: &quot;Playfair Display&quot;; font-weight: 400;\"><span><span><em><span style=\"font-size: 23px;\"><span style=\"color: rgb(89, 35, 0);\">Cl\u00e1udia Squio<\/span>&nbsp;<\/span><\/em><\/span><span style=\"font-size: 23px;\"><em><span><\/span><\/em><\/span><span><em><span style=\"font-size: 23px;\"><\/span><\/em><\/span><\/span><span><span><\/span><\/span><\/span><span style=\"font-family: &quot;Playfair Display&quot;;\"><span><span style=\"color: rgb(119, 113, 113);\">&#8211; <\/span><span style=\"color: rgb(241, 128, 7);\">ColorWays Arts<\/span><\/span><\/span><\/h1>\n<p><span style=\"width: 100%;\"><img decoding=\"async\" alt=\"Carolina Machado aluna da Sem Igual Artesanato\" title=\"carol machado\" data-id=\"1313\" src=\"https:\/\/semigual.com\/blog\/wp-content\/uploads\/2021\/11\/carol1-150x150-1.jpg\" style=\"\" width=\"157\" height=\"157\" data-width=\"157\" data-height=\"157\" data-init-width=\"150\" data-init-height=\"150\" loading=\"lazy\"><\/span><\/p>\n<h1><span style=\"font-weight: 400; font-family: Palanquin;\"><span>&#8220;<\/span><\/span><\/h1>\n<p style=\"text-align: left;\"><span style=\"font-family: Hind; font-weight: 400;\">Sou aluna da academia Sem Igual e s\u00f3 posso dizer que \u00e9 um divisor de \u00e1guas na vida de quem, assim como eu, n\u00e3o tem muito &#8220;timing&#8221; para neg\u00f3cios. Sempre que presenteava com minhas pe\u00e7as de artesanato eu ouvia elogios. De um tempo para c\u00e1, resolvi tentar vender, para conseguir uma grana extra com meu hobby, mas os elogios n\u00e3o se convertiam em vendas e eu n\u00e3o sabia o que fazer para vender, tinha vergonha de vender. Depois da 2\u00aa aula j\u00e1 pude ter outra postura, valorizando minha pe\u00e7a e meu trabalho. Consegui oferecer, para uma amiga, e n\u00e3o tivo mais tanto medo de passar o valor. E vendi!E depois, nas outras aulas, muitas orienta\u00e7\u00f5es e sugest\u00f5es que servem para a vida, como dicas de organiza\u00e7\u00e3o, controle de caixa, como priorizar, enfim &#8230; s\u00f3 posso agradecer por fazer parte desse curso !! Gratid\u00e3o, Hel\u00f4 e Gustavo por tantos ensinamentos.\ufeff<\/span><\/p>\n<h1 style=\"text-align: left;\"><span style=\"font-family: &quot;Playfair Display&quot;; font-weight: 400;\"><span><span><em><span style=\"font-size: 23px;\"><span style=\"color: rgb(89, 35, 0);\">Carol D&#8217;avila<\/span>&nbsp;<\/span><\/em><\/span><span style=\"font-size: 23px;\"><em><span><\/span><\/em><\/span><span><em><span style=\"font-size: 23px;\"><\/span><\/em><\/span><\/span><span><span><\/span><\/span><\/span><span style=\"font-family: &quot;Playfair Display&quot;;\"><span><span style=\"color: rgb(119, 113, 113);\">&#8211;&nbsp;  <\/span><span style=\"color: rgb(241, 128, 7);\">Membro da Academia<\/span><\/span><\/span><\/h1>\n<h2 style=\"text-align: center;\">Os Autores da Academia Sem Igual<\/h2>\n<p><span style=\"color: rgb(237, 237, 237);\">\u201d<\/span><\/p>\n<p>Heloisa Gimenes \u00e9 formada em administra\u00e7\u00e3o de empresas, p\u00f3s-gradua\u00e7\u00e3o em com\u00e9rcio exterior. Artes\u00e3, vive a sua paix\u00e3o pelo empreendedorismo, e est\u00e1 \u00e0 frente da Sem Igual Artesanato a mais de 10 anos com larga experi\u00eancia na gest\u00e3o do seu neg\u00f3cio de artesanato traz para voc\u00ea todas as t\u00e9cnicas que tem t\u00e9cnico em seu neg\u00f3cio criativo com excelentes resultados.<\/p>\n<p>Helo\u00edsa Gimenes<\/p>\n<p><span style=\"width: 100%;\"><img decoding=\"async\" alt=\"Heloisa Gimenes Empreendedora Criativa diretora da Sem Igual Artesanato\" width=\"140\" height=\"140\" title=\"Heloisa Gimenes - retrato\" data-id=\"549\" src=\"https:\/\/semigual.com\/blog\/wp-content\/uploads\/2021\/11\/heloisa_ny-150x150-1.jpg\" style=\"\" data-width=\"140\" data-height=\"140\" data-init-width=\"150\" data-init-height=\"150\" loading=\"lazy\"><\/span><\/p>\n<p><span style=\"color: rgb(237, 237, 237);\">\u201d<\/span><\/p>\n<p>Gustavo Gimenes \u00e9 marido de artes\u00e3, casado com a Helo\u00edsa Gimenes \u00e9 formado em engenharia civil e trabalha desde 1990 com com\u00e9rcio e vendas. Juntamente com a Hel\u00f4 administra a Sem Igual Artesanato, \u00e9 especialista em marketing Digital e apaixonado por neg\u00f3cios e empreendedorismo. J\u00e1 fez diversos treinamento nas \u00e1reas de gest\u00e3o, finan\u00e7as, administra\u00e7\u00e3o e marketing.<\/p>\n<p>Gustavo Gimenes<\/p>\n<p><span style=\"width: 100%;\"><img decoding=\"async\" alt=\"Retrato de Gustavo Gimenes engenheiro e diretor da Sem Igual Artesanato\" width=\"140\" height=\"140\" title=\"gustavo gimenes - retrato\" data-id=\"550\" src=\"https:\/\/semigual.com\/blog\/wp-content\/uploads\/2021\/11\/gustavo-150x150-1.jpg\" style=\"\" data-width=\"140\" data-height=\"140\" data-init-width=\"150\" data-init-height=\"150\" loading=\"lazy\"><\/span><\/p>\n<h2 style=\"text-align: center;\">15 Dias de&nbsp; <strong>Garantia Incondicional<\/strong> sem risco algum para voc\u00ea.<\/h2>\n<p><span><img decoding=\"async\" alt=\"\" width=\"166\" height=\"166\" title=\"selo-garantia 15 dias\" data-id=\"1216\" src=\"https:\/\/semigual.com\/blog\/wp-content\/uploads\/2021\/11\/selo-garantia-15-dias-150x150-1.png\" data-width=\"166\" data-height=\"166\" data-init-width=\"150\" data-init-height=\"150\" loading=\"lazy\" data-><\/span><\/p>\n<p style=\"text-align: center;\">Sem risco algum para voc\u00ea adquirir este programa. Voc\u00ea 100% seguro de sua escolha.<\/p>\n<p style=\"text-align: center;\">Voc\u00ea tem 15 dias para experimentar o treinamento e se n\u00e3o gostar de qualquer coisa, basta <strong>pedir o cancelamento dentro do prazo de 15 dias<\/strong> da garantia que n\u00f3s devolvemos o seu dinheiro integralmente, sem perguntas, simples assim.<\/p>\n<h2 style=\"text-align: center;\"><span>Perguntas Frequentes<\/span><\/h2>\n<h4>Quanto tempo vou ter acesso ao conte\u00fado?<\/h4>\n<p>No plano mensal, voc\u00ea ter\u00e1 acesso ao conte\u00fado durante 30 dias.<\/p>\n<p>No plano anual, voc\u00ea ter\u00e1 acesso aos conte\u00fados por 12 meses, sendo 1 conte\u00fado por m\u00eas. Ao final deste primeiro ciclo, voc\u00ea poder\u00e1 renovar o acesso, tendo acesso aos pr\u00f3ximos conte\u00fados, mantendo os 12 conte\u00fados anteriores.<\/p>\n<h4>A Academia Sem Igual de Neg\u00f3cios tem Certificado?<\/h4>\n<p>Dentro da Academia voc\u00ea vai desenvolver algumas habilidades fundamentais para voc\u00ea ter um neg\u00f3cio. E o melhor certificado que voc\u00ea poder\u00e1 ter \u00e9 a sua mudan\u00e7a de comportamento e o seu resultado positivo.&nbsp;<\/p>\n<h4>Qual a carga hor\u00e1ria da Academia Sem Igual de Neg\u00f3cios?<\/h4>\n<p>Nosso foco n\u00e3o est\u00e1 na quantidade de horas de treinamento, mas sim na transforma\u00e7\u00e3o que este treinamento vai te proporcionar. A gente n\u00e3o entrega horas de<span style=\"\"> <\/span>aula, entrega transforma\u00e7\u00e3o voltada para o seu resultado. De qualquer forma, cada aula tem em m\u00e9dia 1 hora e meia. E voc\u00ea conta com o material de apoio de cada aula.&nbsp;<\/p>\n<h4>Como funciona a garantia?<\/h4>\n<p>Assim que voc\u00ea fizer sua inscri\u00e7\u00e3o voc\u00ea recebe os dados de acesso e tem 15 dias para acessar o conte\u00fado, baixar o material, e se n\u00e3o gostar voc\u00ea pode pedir seu dinheiro de volta dentro deste prazo de 15 dias. O plano mensal voc\u00ea pode cancelar a qualquer momento.<\/p>\n<h4>Tem material de apoio?<\/h4>\n<p>Sim, voc\u00ea recebe a cada aula o material de apoio para estudar e tamb\u00e9m um Guia de Implementa\u00e7\u00e3o que \u00e9 uma ferramenta para voc\u00ea colocar em pr\u00e1tica o que est\u00e1 aprendendo e medir os seus resultados.<\/p>\n<h4>Posso pagar no boleto?<\/h4>\n<p>Sim, optando pelo plano mensal voc\u00ea consegue efetuar o pagamento pelo boleto m\u00eas a m\u00eas.<\/p>\n<h4>Por que devo ingressar agora na Academia Sem Igual de Neg\u00f3cios?<\/h4>\n<p>Porque \u00e9 a melhor escolha para voc\u00ea que deseja ter um neg\u00f3cio de verdade. Quanto antes voc\u00ea entrar antes come\u00e7ar\u00e1 a entender o que precisa fazer para transformar sua paix\u00e3o num neg\u00f3cio de verdade.<\/p>\n<h4>N\u00e3o uso o Facebook, vou buscar acompanhar as aulas da Academia?<\/h4>\n<p>Sim, as aulas est\u00e3o \u00e0 sua disposi\u00e7\u00e3o numa plataforma EAD de f\u00e1cil acesso. Nenhuma aula \u00e9 ministrada via Facebook.<\/p>\n","protected":false},"excerpt":{"rendered":"<p>Entenda porque Voc\u00ea N\u00e3o Vende &nbsp;e n\u00e3o alcan\u00e7a os Resultados que deseja &nbsp;mesmo com um Produto Incr\u00edvel Voc\u00ea vai se tornar um profissional criativo , ter sucesso e renda fazendo o que voc\u00ea ama , sem medo e sem sofrer, sabendo exatamente o que tem que fazer. Instance 1 PLANO ANUAL Melhor maneira de transformar [&hellip;]<\/p>\n","protected":false},"author":4,"featured_media":0,"parent":0,"menu_order":0,"comment_status":"closed","ping_status":"closed","template":"","meta":{"site-sidebar-layout":"default","site-content-layout":null,"ast-site-content-layout":"normal-width-container","site-content-style":"unboxed","site-sidebar-style":"unboxed","ast-global-header-display":"","ast-banner-title-visibility":"","ast-main-header-display":"","ast-hfb-above-header-display":null,"ast-hfb-below-header-display":null,"ast-hfb-mobile-header-display":"","site-post-title":"disabled","ast-breadcrumbs-content":"","ast-featured-img":"","footer-sml-layout":"","theme-transparent-header-meta":"","adv-header-id-meta":"","stick-header-meta":"","header-above-stick-meta":null,"header-main-stick-meta":"","header-below-stick-meta":null,"astra-migrate-meta-layouts":"default","ast-page-background-enabled":"default","ast-page-background-meta":{"desktop":{"background-color":"","background-image":"","background-repeat":"repeat","background-position":"center center","background-size":"auto","background-attachment":"scroll","background-type":"","background-media":"","overlay-type":"","overlay-color":"","overlay-opacity":"","overlay-gradient":""},"tablet":{"background-color":"","background-image":"","background-repeat":"repeat","background-position":"center center","background-size":"auto","background-attachment":"scroll","background-type":"","background-media":"","overlay-type":"","overlay-color":"","overlay-opacity":"","overlay-gradient":""},"mobile":{"background-color":"","background-image":"","background-repeat":"repeat","background-position":"center center","background-size":"auto","background-attachment":"scroll","background-type":"","background-media":"","overlay-type":"","overlay-color":"","overlay-opacity":"","overlay-gradient":""}},"ast-content-background-meta":{"desktop":{"background-color":"var(--ast-global-color-5)","background-image":"","background-repeat":"repeat","background-position":"center center","background-size":"auto","background-attachment":"scroll","background-type":"","background-media":"","overlay-type":"","overlay-color":"","overlay-opacity":"","overlay-gradient":""},"tablet":{"background-color":"var(--ast-global-color-5)","background-image":"","background-repeat":"repeat","background-position":"center center","background-size":"auto","background-attachment":"scroll","background-type":"","background-media":"","overlay-type":"","overlay-color":"","overlay-opacity":"","overlay-gradient":""},"mobile":{"background-color":"var(--ast-global-color-5)","background-image":"","background-repeat":"repeat","background-position":"center center","background-size":"auto","background-attachment":"scroll","background-type":"","background-media":"","overlay-type":"","overlay-color":"","overlay-opacity":"","overlay-gradient":""}},"footnotes":""},"class_list":["post-193","page","type-page","status-publish","hentry"],"_links":{"self":[{"href":"https:\/\/semigual.com\/blog\/wp-json\/wp\/v2\/pages\/193","targetHints":{"allow":["GET"]}}],"collection":[{"href":"https:\/\/semigual.com\/blog\/wp-json\/wp\/v2\/pages"}],"about":[{"href":"https:\/\/semigual.com\/blog\/wp-json\/wp\/v2\/types\/page"}],"author":[{"embeddable":true,"href":"https:\/\/semigual.com\/blog\/wp-json\/wp\/v2\/users\/4"}],"replies":[{"embeddable":true,"href":"https:\/\/semigual.com\/blog\/wp-json\/wp\/v2\/comments?post=193"}],"version-history":[{"count":1,"href":"https:\/\/semigual.com\/blog\/wp-json\/wp\/v2\/pages\/193\/revisions"}],"predecessor-version":[{"id":2565,"href":"https:\/\/semigual.com\/blog\/wp-json\/wp\/v2\/pages\/193\/revisions\/2565"}],"wp:attachment":[{"href":"https:\/\/semigual.com\/blog\/wp-json\/wp\/v2\/media?parent=193"}],"curies":[{"name":"wp","href":"https:\/\/api.w.org\/{rel}","templated":true}]}}